{"id":10928,"date":"2025-05-19T10:25:00","date_gmt":"2025-05-19T08:25:00","guid":{"rendered":"https:\/\/www.creativ.net.pl\/?post_type=product&#038;p=10928"},"modified":"2026-04-23T11:41:28","modified_gmt":"2026-04-23T09:41:28","slug":"kabel-obd-do-rejestratora-vueroid","status":"publish","type":"product","link":"https:\/\/www.creativ.net.pl\/en\/product\/kabel-obd-do-rejestratora-vueroid\/","title":{"rendered":"OBD cable for Vueroid recorder"},"content":{"rendered":"<p>OBD II power cable for connecting a Vueroid brand driving recorder.<\/p>\n<p class=\"\" data-start=\"41\" data-end=\"168\"><strong data-start=\"41\" data-end=\"52\">Features<\/strong><br data-start=\"52\" data-end=\"55\" \/>Easy installation of the OBDII power cable for the car camera.<br data-start=\"120\" data-end=\"123\" \/>Operation of Idle Stop &amp; Go vehicles.<\/p>\n<p class=\"\" data-start=\"170\" data-end=\"229\"><strong data-start=\"170\" data-end=\"188\">Compatibility<\/strong><br data-start=\"188\" data-end=\"191\" \/>All Vueroid car cameras with the exception of the D40-Q2.<\/p>\n<p class=\"\" data-start=\"231\" data-end=\"313\"><strong data-start=\"231\" data-end=\"247\">Specification<\/strong><br data-start=\"247\" data-end=\"250\" \/>Input voltage: DC 12V-15V<br data-start=\"280\" data-end=\"283\" \/>Output voltage: DC 12V-15V<\/p>","protected":false},"excerpt":{"rendered":"<p>Kabel zasilaj\u0105cy OBD II do pod\u0142\u0105czenia rejestratora jazdy marki Vueroid. Funkcje\u0141atwa instalacja kabla zasilaj\u0105cego OBDII do kamery samochodowej.Obs\u0142uga pojazd\u00f3w z systemem Idle Stop &amp; Go. Kompatybilno\u015b\u0107Wszystkie kamery samochodowe Vueroid z wyj\u0105tkiem modelu D40-Q2. SpecyfikacjaNapi\u0119cie wej\u015bciowe: DC 12V\u201315VNapi\u0119cie wyj\u015bciowe: DC 12V\u201315V<\/p>","protected":false},"featured_media":10929,"template":"","meta":{"_acf_changed":false,"_kad_blocks_custom_css":"","_kad_blocks_head_custom_js":"","_kad_blocks_body_custom_js":"","_kad_blocks_footer_custom_js":"","_kad_post_transparent":"default","_kad_post_title":"","_kad_post_layout":"default","_kad_post_sidebar_id":"","_kad_post_content_style":"default","_kad_post_vertical_padding":"default","_kad_post_feature":"","_kad_post_feature_position":"","_kad_post_header":false,"_kad_post_footer":false,"_kad_post_classname":""},"product_brand":[],"product_cat":[361],"product_tag":[],"class_list":{"0":"post-10928","1":"product","2":"type-product","3":"status-publish","4":"has-post-thumbnail","6":"product_cat-akcesoria-do-rejestratorow","8":"first","9":"instock","10":"taxable","11":"shipping-taxable","12":"product-type-simple","13":"entry","14":"content-bg","15":"loop-entry"},"acf":[],"taxonomy_info":{"product_cat":[{"value":361,"label":"Akcesoria do rejestrator\u00f3w"}]},"featured_image_src_large":["https:\/\/www.creativ.net.pl\/wp-content\/uploads\/2025\/05\/OBD_cable-900-W-1.png",900,900,false],"author_info":[],"comment_info":"","_links":{"self":[{"href":"https:\/\/www.creativ.net.pl\/en\/wp-json\/wp\/v2\/product\/10928","targetHints":{"allow":["GET"]}}],"collection":[{"href":"https:\/\/www.creativ.net.pl\/en\/wp-json\/wp\/v2\/product"}],"about":[{"href":"https:\/\/www.creativ.net.pl\/en\/wp-json\/wp\/v2\/types\/product"}],"wp:featuredmedia":[{"embeddable":true,"href":"https:\/\/www.creativ.net.pl\/en\/wp-json\/wp\/v2\/media\/10929"}],"wp:attachment":[{"href":"https:\/\/www.creativ.net.pl\/en\/wp-json\/wp\/v2\/media?parent=10928"}],"wp:term":[{"taxonomy":"product_brand","embeddable":true,"href":"https:\/\/www.creativ.net.pl\/en\/wp-json\/wp\/v2\/product_brand?post=10928"},{"taxonomy":"product_cat","embeddable":true,"href":"https:\/\/www.creativ.net.pl\/en\/wp-json\/wp\/v2\/product_cat?post=10928"},{"taxonomy":"product_tag","embeddable":true,"href":"https:\/\/www.creativ.net.pl\/en\/wp-json\/wp\/v2\/product_tag?post=10928"}],"curies":[{"name":"wp","href":"https:\/\/api.w.org\/{rel}","templated":true}]}}