{"id":10876,"date":"2025-05-09T16:02:44","date_gmt":"2025-05-09T14:02:44","guid":{"rendered":"https:\/\/www.creativ.net.pl\/?post_type=product&#038;p=10876"},"modified":"2026-03-31T13:53:43","modified_gmt":"2026-03-31T11:53:43","slug":"wzmacniacz-audio-control-acm-1-300","status":"publish","type":"product","link":"https:\/\/www.creativ.net.pl\/en\/product\/wzmacniacz-audio-control-acm-1-300\/","title":{"rendered":"Audio Control Amplifier ACM-1.300"},"content":{"rendered":"<p>Class-D monoblock micro amplifier with AccuBASS\u00ae technology<\/p>\n<h3 class=\"\" data-start=\"765\" data-end=\"780\"><strong data-start=\"769\" data-end=\"778\">FEATURES<\/strong><\/h3>\n<ul data-start=\"781\" data-end=\"1354\">\n<li class=\"\" data-start=\"781\" data-end=\"807\">\n<p class=\"\" data-start=\"783\" data-end=\"807\"><strong data-start=\"783\" data-end=\"805\">300 W RMS at 2 \u03a9<\/strong><\/p>\n<\/li>\n<li class=\"\" data-start=\"808\" data-end=\"834\">\n<p class=\"\" data-start=\"810\" data-end=\"834\"><strong data-start=\"810\" data-end=\"832\">175 W RMS at 4 \u03a9<\/strong><\/p>\n<\/li>\n<li class=\"\" data-start=\"835\" data-end=\"923\">\n<p class=\"\" data-start=\"837\" data-end=\"923\"><strong data-start=\"837\" data-end=\"862\">AccuBASS\u00ae technology<\/strong> - compensates for missing bass in factory systems<\/p>\n<\/li>\n<li class=\"\" data-start=\"924\" data-end=\"1002\">\n<p class=\"\" data-start=\"926\" data-end=\"1002\"><strong data-start=\"926\" data-end=\"947\">GTO\u2122 Signal Sense<\/strong> - automatic switching on when audio signal is detected<\/p>\n<\/li>\n<li class=\"\" data-start=\"1003\" data-end=\"1072\">\n<p class=\"\" data-start=\"1005\" data-end=\"1072\"><strong data-start=\"1005\" data-end=\"1040\">Active high-level inputs<\/strong> - ideal for OEM integration<\/p>\n<\/li>\n<li class=\"\" data-start=\"1073\" data-end=\"1100\">\n<p class=\"\" data-start=\"1075\" data-end=\"1100\"><strong data-start=\"1075\" data-end=\"1098\">RCA line inputs<\/strong><\/p>\n<\/li>\n<li class=\"\" data-start=\"1101\" data-end=\"1133\">\n<p class=\"\" data-start=\"1103\" data-end=\"1133\"><strong data-start=\"1103\" data-end=\"1131\">Linkwitz-Riley crossover<\/strong><\/p>\n<\/li>\n<li class=\"\" data-start=\"1134\" data-end=\"1187\">\n<p class=\"\" data-start=\"1136\" data-end=\"1187\"><strong data-start=\"1136\" data-end=\"1185\">Optional remote level control (ACR-1)<\/strong><\/p>\n<\/li>\n<li class=\"\" data-start=\"1188\" data-end=\"1255\">\n<p class=\"\" data-start=\"1190\" data-end=\"1255\"><strong data-start=\"1190\" data-end=\"1222\">Reversible mounting cover<\/strong> - greater assembly flexibility<\/p>\n<\/li>\n<\/ul>\n<h3 class=\"\" data-start=\"0\" data-end=\"47\"><strong data-start=\"4\" data-end=\"45\">SPECIFICATIONS <\/strong><\/h3>\n<h3 class=\"\" data-start=\"107\" data-end=\"124\"><strong data-start=\"111\" data-end=\"122\">INPUTS<\/strong><\/h3>\n<ul data-start=\"125\" data-end=\"357\">\n<li class=\"\" data-start=\"125\" data-end=\"182\">\n<p class=\"\" data-start=\"127\" data-end=\"182\"><strong data-start=\"127\" data-end=\"164\">Preamp inputs<\/strong>: 2 balanced<\/p>\n<\/li>\n<li class=\"\" data-start=\"183\" data-end=\"241\">\n<p class=\"\" data-start=\"185\" data-end=\"241\"><strong data-start=\"185\" data-end=\"222\">Line input voltage range<\/strong>: 500 mV - 6 Vrms<\/p>\n<\/li>\n<li class=\"\" data-start=\"242\" data-end=\"292\">\n<p class=\"\" data-start=\"244\" data-end=\"292\"><strong data-start=\"244\" data-end=\"287\">High-level inputs (Speaker Level)<\/strong>: 2<\/p>\n<\/li>\n<li class=\"\" data-start=\"293\" data-end=\"357\">\n<p class=\"\" data-start=\"295\" data-end=\"357\"><strong data-start=\"295\" data-end=\"340\">High-level input voltage range<\/strong>: 3 V - 40 Vrms<\/p>\n<\/li>\n<\/ul>\n<h3 class=\"\" data-start=\"364\" data-end=\"403\"><strong data-start=\"368\" data-end=\"401\">Outputs \/ RMS power at 14.4 V<\/strong><\/h3>\n<ul data-start=\"404\" data-end=\"457\">\n<li class=\"\" data-start=\"404\" data-end=\"430\">\n<p class=\"\" data-start=\"406\" data-end=\"430\"><strong data-start=\"406\" data-end=\"428\">175 W RMS at 4 \u03a9<\/strong><\/p>\n<\/li>\n<li class=\"\" data-start=\"431\" data-end=\"457\">\n<p class=\"\" data-start=\"433\" data-end=\"457\"><strong data-start=\"433\" data-end=\"455\">300 W RMS at 2 \u03a9<\/strong><\/p>\n<\/li>\n<\/ul>\n<h3 class=\"\" data-start=\"464\" data-end=\"480\"><strong data-start=\"468\" data-end=\"478\">PERFORMANCES<\/strong><\/h3>\n<ul data-start=\"481\" data-end=\"721\">\n<li class=\"\" data-start=\"481\" data-end=\"523\">\n<p class=\"\" data-start=\"483\" data-end=\"523\"><strong data-start=\"483\" data-end=\"505\">Frequency response<\/strong>: 10 Hz - 22 kHz<\/p>\n<\/li>\n<li class=\"\" data-start=\"524\" data-end=\"591\">\n<p class=\"\" data-start=\"526\" data-end=\"591\"><strong data-start=\"526\" data-end=\"561\">Signal-to-noise ratio (S\/N)<\/strong>: 102 dBA (at 175 W \/ 4 \u03a9)<\/p>\n<\/li>\n<li class=\"\" data-start=\"592\" data-end=\"630\">\n<p class=\"\" data-start=\"594\" data-end=\"630\"><strong data-start=\"594\" data-end=\"619\">THD+N distortion<\/strong>: &lt; 0.01%<\/p>\n<\/li>\n<li class=\"\" data-start=\"631\" data-end=\"682\">\n<p class=\"\" data-start=\"633\" data-end=\"682\"><strong data-start=\"633\" data-end=\"670\">Cross-section of supply\/mass wires<\/strong>: 10-4 AWG<\/p>\n<\/li>\n<li class=\"\" data-start=\"683\" data-end=\"721\">\n<p class=\"\" data-start=\"685\" data-end=\"721\"><strong data-start=\"685\" data-end=\"709\">Recommended fuse<\/strong>: 1 \u00d7 30 A<\/p>\n<\/li>\n<\/ul>\n<h3 class=\"\" data-start=\"728\" data-end=\"768\"><strong data-start=\"732\" data-end=\"766\">FILTERS AND SOUND PROCESSING<\/strong><\/h3>\n<ul data-start=\"769\" data-end=\"910\">\n<li class=\"\" data-start=\"769\" data-end=\"873\">\n<p class=\"\" data-start=\"771\" data-end=\"817\"><strong data-start=\"771\" data-end=\"814\">Linkwitz-Riley crossover (12 dB\/octave)<\/strong>:<\/p>\n<ul data-start=\"820\" data-end=\"873\">\n<li class=\"\" data-start=\"820\" data-end=\"829\">\n<p class=\"\" data-start=\"822\" data-end=\"829\">80 Hz<\/p>\n<\/li>\n<li class=\"\" data-start=\"832\" data-end=\"842\">\n<p class=\"\" data-start=\"834\" data-end=\"842\">120 Hz<\/p>\n<\/li>\n<li class=\"\" data-start=\"845\" data-end=\"873\">\n<p class=\"\" data-start=\"847\" data-end=\"873\">Bypass (without filtering)<\/p>\n<\/li>\n<\/ul>\n<\/li>\n<li class=\"\" data-start=\"874\" data-end=\"910\">\n<p class=\"\" data-start=\"876\" data-end=\"910\"><strong data-start=\"876\" data-end=\"901\">Subsonic PFM filter<\/strong>: 24 Hz<\/p>\n<\/li>\n<\/ul>\n<h3 class=\"\" data-start=\"917\" data-end=\"941\"><strong data-start=\"921\" data-end=\"939\">DIMENSIONS AND WEIGHT<\/strong><\/h3>\n<ul data-start=\"942\" data-end=\"1033\">\n<li class=\"\" data-start=\"942\" data-end=\"999\">\n<p class=\"\" data-start=\"944\" data-end=\"999\"><strong data-start=\"944\" data-end=\"955\">Dimensions<\/strong>: 9.4\u2033 (W) \u00d7 3.0\u2033 (D) \u00d7 1.75\u2033 (H).<\/p>\n<\/li>\n<li class=\"\" data-start=\"1000\" data-end=\"1033\">\n<p class=\"\" data-start=\"1002\" data-end=\"1033\"><strong data-start=\"1002\" data-end=\"1010\">Weight<\/strong>: 0.95 kg<\/p>\n<\/li>\n<\/ul>\n<h3 class=\"\" data-start=\"1040\" data-end=\"1067\"><strong data-start=\"1044\" data-end=\"1065\">CONTENTS OF THE KIT<\/strong><\/h3>\n<ul data-start=\"1068\" data-end=\"1167\">\n<li class=\"\" data-start=\"1068\" data-end=\"1092\">\n<p class=\"\" data-start=\"1070\" data-end=\"1092\">ACM-1.300 amplifier<\/p>\n<\/li>\n<li class=\"\" data-start=\"1093\" data-end=\"1114\">\n<p class=\"\" data-start=\"1095\" data-end=\"1114\">Loudspeaker connectors<\/p>\n<\/li>\n<li class=\"\" data-start=\"1115\" data-end=\"1130\">\n<p class=\"\" data-start=\"1117\" data-end=\"1130\">Fuse<\/p>\n<\/li>\n<li class=\"\" data-start=\"1131\" data-end=\"1153\">\n<p class=\"\" data-start=\"1133\" data-end=\"1153\">Operating instructions<\/p>\n<\/li>\n<li class=\"\" data-start=\"1154\" data-end=\"1167\">\n<p class=\"\" data-start=\"1156\" data-end=\"1167\">Guarantee<\/p>\n<\/li>\n<\/ul>","protected":false},"excerpt":{"rendered":"<p>Monoblokowy mikro wzmacniacz klasy D z technologi\u0105 AccuBASS\u00ae CECHY 300 W RMS przy 2 \u03a9 175 W RMS przy 4 \u03a9 Technologia AccuBASS\u00ae \u2013 kompensuje brakuj\u0105ce niskie tony w fabrycznych systemach GTO\u2122 Signal Sense \u2013 automatyczne w\u0142\u0105czanie przy wykryciu sygna\u0142u audio Aktywne wej\u015bcia wysokopoziomowe \u2013 idealne do integracji z OEM Wej\u015bcia liniowe RCA Zwrotnica Linkwitz-Riley&#8230;<\/p>","protected":false},"featured_media":10877,"template":"","meta":{"_acf_changed":false,"_kad_blocks_custom_css":"","_kad_blocks_head_custom_js":"","_kad_blocks_body_custom_js":"","_kad_blocks_footer_custom_js":"","_kad_post_transparent":"default","_kad_post_title":"","_kad_post_layout":"default","_kad_post_sidebar_id":"","_kad_post_content_style":"default","_kad_post_vertical_padding":"default","_kad_post_feature":"","_kad_post_feature_position":"","_kad_post_header":false,"_kad_post_footer":false,"_kad_post_classname":""},"product_brand":[],"product_cat":[104],"product_tag":[],"class_list":{"0":"post-10876","1":"product","2":"type-product","3":"status-publish","4":"has-post-thumbnail","6":"product_cat-1-kanalowe-wzmacniacze-samochodowe-12v","8":"first","9":"onbackorder","10":"taxable","11":"shipping-taxable","12":"product-type-simple","13":"entry","14":"content-bg","15":"loop-entry"},"acf":[],"taxonomy_info":{"product_cat":[{"value":104,"label":"1-kana\u0142owe"}]},"featured_image_src_large":["https:\/\/www.creativ.net.pl\/wp-content\/uploads\/2025\/05\/acm-1300-remote-angle-left-1024x448.jpg",1024,448,true],"author_info":[],"comment_info":"","_links":{"self":[{"href":"https:\/\/www.creativ.net.pl\/en\/wp-json\/wp\/v2\/product\/10876","targetHints":{"allow":["GET"]}}],"collection":[{"href":"https:\/\/www.creativ.net.pl\/en\/wp-json\/wp\/v2\/product"}],"about":[{"href":"https:\/\/www.creativ.net.pl\/en\/wp-json\/wp\/v2\/types\/product"}],"wp:featuredmedia":[{"embeddable":true,"href":"https:\/\/www.creativ.net.pl\/en\/wp-json\/wp\/v2\/media\/10877"}],"wp:attachment":[{"href":"https:\/\/www.creativ.net.pl\/en\/wp-json\/wp\/v2\/media?parent=10876"}],"wp:term":[{"taxonomy":"product_brand","embeddable":true,"href":"https:\/\/www.creativ.net.pl\/en\/wp-json\/wp\/v2\/product_brand?post=10876"},{"taxonomy":"product_cat","embeddable":true,"href":"https:\/\/www.creativ.net.pl\/en\/wp-json\/wp\/v2\/product_cat?post=10876"},{"taxonomy":"product_tag","embeddable":true,"href":"https:\/\/www.creativ.net.pl\/en\/wp-json\/wp\/v2\/product_tag?post=10876"}],"curies":[{"name":"wp","href":"https:\/\/api.w.org\/{rel}","templated":true}]}}