{"id":10828,"date":"2025-05-09T15:35:35","date_gmt":"2025-05-09T13:35:35","guid":{"rendered":"https:\/\/www.creativ.net.pl\/?post_type=product&#038;p=10828"},"modified":"2026-03-05T09:20:16","modified_gmt":"2026-03-05T08:20:16","slug":"glosniki-wysokotonowe-audio-control-pnw-1","status":"publish","type":"product","link":"https:\/\/www.creativ.net.pl\/en\/product\/glosniki-wysokotonowe-audio-control-pnw-1\/","title":{"rendered":"Audio Control PNW-1 tweeters"},"content":{"rendered":"<p>25mm PNW series tweeters.<\/p>\n<h3 class=\"\" data-start=\"0\" data-end=\"11\">FEATURES<\/h3>\n<ul data-start=\"12\" data-end=\"881\">\n<li class=\"\" data-start=\"12\" data-end=\"106\">\n<p class=\"\" data-start=\"14\" data-end=\"106\"><strong data-start=\"14\" data-end=\"26\">Membrane<\/strong>: High-fidelity silk dome for precise sound reproduction.<\/p>\n<\/li>\n<li class=\"\" data-start=\"107\" data-end=\"203\">\n<p class=\"\" data-start=\"109\" data-end=\"203\"><strong data-start=\"109\" data-end=\"120\">Housing<\/strong>: Precision milled aluminium housing for durability and high quality.<\/p>\n<\/li>\n<li class=\"\" data-start=\"204\" data-end=\"291\">\n<p class=\"\" data-start=\"206\" data-end=\"291\"><strong data-start=\"206\" data-end=\"230\">Acoustic attenuation<\/strong>: Built-in damping pad for improved sound quality.<\/p>\n<\/li>\n<li class=\"\" data-start=\"292\" data-end=\"377\">\n<p class=\"\" data-start=\"294\" data-end=\"377\"><strong data-start=\"294\" data-end=\"304\">Magnet<\/strong>: Neodymium magnet for greater efficiency and compact design.<\/p>\n<\/li>\n<li class=\"\" data-start=\"378\" data-end=\"492\">\n<p class=\"\" data-start=\"380\" data-end=\"492\"><strong data-start=\"380\" data-end=\"390\">Assembly<\/strong>: Removable design, ideal for OEM applications (original factory equipment).<\/p>\n<\/li>\n<li class=\"\" data-start=\"493\" data-end=\"610\">\n<p class=\"\" data-start=\"495\" data-end=\"610\"><strong data-start=\"495\" data-end=\"517\">Frequency response<\/strong>: Rear damping of the hybrid silk dome for extended frequency response.<\/p>\n<\/li>\n<li class=\"\" data-start=\"611\" data-end=\"705\">\n<p class=\"\" data-start=\"613\" data-end=\"705\"><strong data-start=\"613\" data-end=\"636\">Mounting accessories<\/strong>: Comes with a variety of mounting accessories for easy installation.<\/p>\n<\/li>\n<li class=\"\" data-start=\"706\" data-end=\"838\">\n<p class=\"\" data-start=\"708\" data-end=\"838\"><strong data-start=\"708\" data-end=\"718\">Filters<\/strong>: Built-in high-pass filters that pass only the desired frequencies, minimising distortion.<\/p>\n<\/li>\n<\/ul>\n<h3 class=\"\" data-start=\"0\" data-end=\"18\">SPECIFICATIONS<\/h3>\n<p class=\"\" data-start=\"20\" data-end=\"46\"><strong data-start=\"20\" data-end=\"44\">TECHNICAL SPECIFICATIONS<\/strong><\/p>\n<ul data-start=\"47\" data-end=\"409\">\n<li class=\"\" data-start=\"47\" data-end=\"81\">\n<p class=\"\" data-start=\"49\" data-end=\"81\"><strong data-start=\"49\" data-end=\"72\">DC resistance (Re)<\/strong>: 2,3 \u03a9<\/p>\n<\/li>\n<li class=\"\" data-start=\"82\" data-end=\"119\">\n<p class=\"\" data-start=\"84\" data-end=\"119\"><strong data-start=\"84\" data-end=\"112\">Nominal impedance (Z)<\/strong>: 3 \u03a9<\/p>\n<\/li>\n<li class=\"\" data-start=\"120\" data-end=\"169\">\n<p class=\"\" data-start=\"122\" data-end=\"169\"><strong data-start=\"122\" data-end=\"156\">Resonant frequency (Fs)<\/strong>: 1.621 kHz<\/p>\n<\/li>\n<li class=\"\" data-start=\"170\" data-end=\"216\">\n<p class=\"\" data-start=\"172\" data-end=\"216\"><strong data-start=\"172\" data-end=\"208\">Mechanical Q-factor (Qms)<\/strong>: 6,92<\/p>\n<\/li>\n<li class=\"\" data-start=\"217\" data-end=\"265\">\n<p class=\"\" data-start=\"219\" data-end=\"265\"><strong data-start=\"219\" data-end=\"255\">Electric Q factor (Qes)<\/strong>: 2,3091<\/p>\n<\/li>\n<li class=\"\" data-start=\"266\" data-end=\"312\">\n<p class=\"\" data-start=\"268\" data-end=\"312\"><strong data-start=\"268\" data-end=\"302\">Total Q factor (Qts)<\/strong>: 1,7314<\/p>\n<\/li>\n<li class=\"\" data-start=\"313\" data-end=\"355\">\n<p class=\"\" data-start=\"315\" data-end=\"355\"><strong data-start=\"315\" data-end=\"337\">Frequency response<\/strong>: 1 kHz - 20 kHz<\/p>\n<\/li>\n<li class=\"\" data-start=\"356\" data-end=\"409\">\n<p class=\"\" data-start=\"358\" data-end=\"409\"><strong data-start=\"358\" data-end=\"400\">Tweeter coil diameter<\/strong>: 25 mm<\/p>\n<\/li>\n<\/ul>\n<h3 class=\"\" data-start=\"416\" data-end=\"432\">INCLUDED<\/h3>\n<ul data-start=\"433\" data-end=\"479\">\n<li class=\"\" data-start=\"433\" data-end=\"442\">\n<p class=\"\" data-start=\"435\" data-end=\"442\">PNW-1<\/p>\n<\/li>\n<li class=\"\" data-start=\"443\" data-end=\"465\">\n<p class=\"\" data-start=\"445\" data-end=\"465\">Operating instructions<\/p>\n<\/li>\n<li class=\"\" data-start=\"466\" data-end=\"479\">\n<p class=\"\" data-start=\"468\" data-end=\"479\">Guarantee<\/p>\n<\/li>\n<\/ul>\n<h3 class=\"\" data-start=\"486\" data-end=\"550\">HIGH-PASS FILTER SPECIFICATIONS (IN-LINE CROSSOVER)<\/h3>\n<ul data-start=\"551\" data-end=\"668\">\n<li class=\"\" data-start=\"551\" data-end=\"592\">\n<p class=\"\" data-start=\"553\" data-end=\"592\"><strong data-start=\"553\" data-end=\"567\">Filter type<\/strong>: 1st order Butterworth<\/p>\n<\/li>\n<li class=\"\" data-start=\"593\" data-end=\"635\">\n<p class=\"\" data-start=\"595\" data-end=\"635\"><strong data-start=\"595\" data-end=\"621\">Split frequency<\/strong>: 3.5 kHz HP<\/p>\n<\/li>\n<li class=\"\" data-start=\"636\" data-end=\"668\">\n<p class=\"\" data-start=\"638\" data-end=\"668\"><strong data-start=\"638\" data-end=\"652\">Slope<\/strong>: -6 dB\/octave<\/p>\n<\/li>\n<\/ul>\n<h3 class=\"\" data-start=\"675\" data-end=\"688\">DIMENSIONS<\/h3>\n<ul data-start=\"689\" data-end=\"851\">\n<li class=\"\" data-start=\"689\" data-end=\"749\">\n<p class=\"\" data-start=\"691\" data-end=\"749\"><strong data-start=\"691\" data-end=\"728\">Overall diameter (with bezel)<\/strong>: 2.13 inches \/ 54 mm<\/p>\n<\/li>\n<li class=\"\" data-start=\"750\" data-end=\"804\">\n<p class=\"\" data-start=\"752\" data-end=\"804\"><strong data-start=\"752\" data-end=\"783\">Mounting hole diameter<\/strong>: 1.85 inches \/ 47 mm<\/p>\n<\/li>\n<li class=\"\" data-start=\"805\" data-end=\"851\">\n<p class=\"\" data-start=\"807\" data-end=\"851\"><strong data-start=\"807\" data-end=\"830\">Installation depth<\/strong>: 0.63 inch \/ 16 mm<\/p>\n<\/li>\n<\/ul>","protected":false},"excerpt":{"rendered":"<p>25mm g\u0142o\u015bniki wysokotonowe serii PNW. CECHY Membrana: Kopu\u0142ka z jedwabiu wysokiej wierno\u015bci dla precyzyjnego odwzorowania d\u017awi\u0119ku. Obudowa: Precyzyjnie frezowana aluminiowa obudowa zapewniaj\u0105ca trwa\u0142o\u015b\u0107 i wysok\u0105 jako\u015b\u0107. T\u0142umienie akustyczne: Wbudowana podk\u0142adka t\u0142umi\u0105ca dla poprawy jako\u015bci d\u017awi\u0119ku. Magnes: Magnes neodymowy dla wi\u0119kszej efektywno\u015bci i kompaktowej konstrukcji. Monta\u017c: Konstrukcja z mo\u017cliwo\u015bci\u0105 demonta\u017cu, idealna do zastosowa\u0144 OEM (oryginalne wyposa\u017cenie&#8230;<\/p>","protected":false},"featured_media":10831,"template":"","meta":{"_acf_changed":false,"_kad_blocks_custom_css":"","_kad_blocks_head_custom_js":"","_kad_blocks_body_custom_js":"","_kad_blocks_footer_custom_js":"","_kad_post_transparent":"default","_kad_post_title":"","_kad_post_layout":"default","_kad_post_sidebar_id":"","_kad_post_content_style":"default","_kad_post_vertical_padding":"default","_kad_post_feature":"","_kad_post_feature_position":"","_kad_post_header":false,"_kad_post_footer":false,"_kad_post_classname":""},"product_brand":[],"product_cat":[205],"product_tag":[],"class_list":{"0":"post-10828","1":"product","2":"type-product","3":"status-publish","4":"has-post-thumbnail","6":"product_cat-glosniki-wysokotonowe","7":"pa_impedancja-23-ohm","8":"pa_marka-audiocontrol","9":"pa_rodzaj-glosnika-komponenty","10":"pa_rozmiar-25mm","12":"first","13":"instock","14":"taxable","15":"shipping-taxable","16":"product-type-simple","17":"entry","18":"content-bg","19":"loop-entry"},"acf":[],"taxonomy_info":{"product_cat":[{"value":205,"label":"G\u0142o\u015bniki wysokotonowe"}],"pa_impedancja":[{"value":360,"label":"2,3 Ohm"}],"pa_marka":[{"value":359,"label":"AudioControl"}],"pa_rodzaj-glosnika":[{"value":229,"label":"Komponenty"}],"pa_rozmiar":[{"value":227,"label":"25mm"}]},"featured_image_src_large":["https:\/\/www.creativ.net.pl\/wp-content\/uploads\/2025\/05\/pnw-1-group-1024x448.jpg",1024,448,true],"author_info":[],"comment_info":"","_links":{"self":[{"href":"https:\/\/www.creativ.net.pl\/en\/wp-json\/wp\/v2\/product\/10828","targetHints":{"allow":["GET"]}}],"collection":[{"href":"https:\/\/www.creativ.net.pl\/en\/wp-json\/wp\/v2\/product"}],"about":[{"href":"https:\/\/www.creativ.net.pl\/en\/wp-json\/wp\/v2\/types\/product"}],"wp:featuredmedia":[{"embeddable":true,"href":"https:\/\/www.creativ.net.pl\/en\/wp-json\/wp\/v2\/media\/10831"}],"wp:attachment":[{"href":"https:\/\/www.creativ.net.pl\/en\/wp-json\/wp\/v2\/media?parent=10828"}],"wp:term":[{"taxonomy":"product_brand","embeddable":true,"href":"https:\/\/www.creativ.net.pl\/en\/wp-json\/wp\/v2\/product_brand?post=10828"},{"taxonomy":"product_cat","embeddable":true,"href":"https:\/\/www.creativ.net.pl\/en\/wp-json\/wp\/v2\/product_cat?post=10828"},{"taxonomy":"product_tag","embeddable":true,"href":"https:\/\/www.creativ.net.pl\/en\/wp-json\/wp\/v2\/product_tag?post=10828"}],"curies":[{"name":"wp","href":"https:\/\/api.w.org\/{rel}","templated":true}]}}