{"id":10686,"date":"2025-04-14T14:55:03","date_gmt":"2025-04-14T12:55:03","guid":{"rendered":"https:\/\/www.creativ.net.pl\/?post_type=product&#038;p=10686"},"modified":"2026-04-10T12:47:17","modified_gmt":"2026-04-10T10:47:17","slug":"glosniki-ampire-qx75-blk","status":"publish","type":"product","link":"https:\/\/www.creativ.net.pl\/en\/product\/glosniki-ampire-qx75-blk\/","title":{"rendered":"AMPIRE QX75-BLK loudspeakers"},"content":{"rendered":"<p class=\"\" data-start=\"58\" data-end=\"608\">These compact stereo speakers in a plastic housing have been designed as universal mid\/high range speakers specifically for installation in classic cars. Many oldtimers have no or only one place to mount a mono speaker. The newly developed 70-millimetre wideband speaker can be directly powered from the car radio. Combined with an optional subwoofer such as the ACTIVE8, this system offers unprecedented audiophile quality music reproduction in any classic.<\/p>\n<p class=\"\" data-start=\"610\" data-end=\"629\"><strong data-start=\"610\" data-end=\"629\">TECHNICAL DATA<\/strong><\/p>\n<ul data-start=\"630\" data-end=\"1173\">\n<li class=\"\" data-start=\"630\" data-end=\"647\">\n<p class=\"\" data-start=\"632\" data-end=\"647\">Colour: black<\/p>\n<\/li>\n<li class=\"\" data-start=\"648\" data-end=\"691\">\n<p class=\"\" data-start=\"650\" data-end=\"691\">Externally mounted, 1-way loudspeaker<\/p>\n<\/li>\n<li class=\"\" data-start=\"692\" data-end=\"728\">\n<p class=\"\" data-start=\"694\" data-end=\"728\">Diaphragm diameter: 7 cm \/ 2.75\"<\/p>\n<\/li>\n<li class=\"\" data-start=\"729\" data-end=\"780\">\n<p class=\"\" data-start=\"731\" data-end=\"780\">Polypropylene membrane with rubber suspension<\/p>\n<\/li>\n<li class=\"\" data-start=\"781\" data-end=\"816\">\n<p class=\"\" data-start=\"783\" data-end=\"816\">Power: 25 W RMS \/ 50 W maximum<\/p>\n<\/li>\n<li class=\"\" data-start=\"817\" data-end=\"859\">\n<p class=\"\" data-start=\"819\" data-end=\"859\">Frequency response: 130 Hz - 22 000 Hz<\/p>\n<\/li>\n<li class=\"\" data-start=\"860\" data-end=\"881\">\n<p class=\"\" data-start=\"862\" data-end=\"881\">Impedance: 4 Ohm<\/p>\n<\/li>\n<li class=\"\" data-start=\"882\" data-end=\"917\">\n<p class=\"\" data-start=\"884\" data-end=\"917\">Efficiency: 88 dB \/ 2.38 V \/ m<\/p>\n<\/li>\n<li class=\"\" data-start=\"918\" data-end=\"966\">\n<p class=\"\" data-start=\"920\" data-end=\"966\">Each speaker with 2-metre black cable<\/p>\n<\/li>\n<li class=\"\" data-start=\"967\" data-end=\"1018\">\n<p class=\"\" data-start=\"969\" data-end=\"1018\">Black plastic housing with handle<\/p>\n<\/li>\n<li class=\"\" data-start=\"1019\" data-end=\"1057\">\n<p class=\"\" data-start=\"1021\" data-end=\"1057\">Black steel protective grille<\/p>\n<\/li>\n<li class=\"\" data-start=\"1058\" data-end=\"1086\">\n<p class=\"\" data-start=\"1060\" data-end=\"1086\">Housing diameter: 104 mm<\/p>\n<\/li>\n<li class=\"\" data-start=\"1087\" data-end=\"1116\">\n<p class=\"\" data-start=\"1089\" data-end=\"1116\">Case depth: 113 mm<\/p>\n<\/li>\n<li class=\"\" data-start=\"1117\" data-end=\"1141\">\n<p class=\"\" data-start=\"1119\" data-end=\"1141\">Weight: 640 g (unit)<\/p>\n<\/li>\n<li class=\"\" data-start=\"1142\" data-end=\"1173\">\n<p class=\"\" data-start=\"1144\" data-end=\"1173\">Kit contents: 2 pieces<\/p>\n<\/li>\n<\/ul>","protected":false},"excerpt":{"rendered":"<p>Te kompaktowe g\u0142o\u015bniki stereofoniczne w obudowie z tworzywa sztucznego zosta\u0142y zaprojektowane jako uniwersalne g\u0142o\u015bniki \u015brednio-\/wysokotonowe, specjalnie z my\u015bl\u0105 o monta\u017cu w klasycznych samochodach. Wiele oldtimer\u00f3w nie posiada w og\u00f3le lub tylko jedno miejsce na monta\u017c g\u0142o\u015bnika mono. Nowo opracowany 70-milimetrowy g\u0142o\u015bnik szerokopasmowy mo\u017ce by\u0107 bezpo\u015brednio zasilany z radia samochodowego. W po\u0142\u0105czeniu z opcjonalnym subwooferem, takim&#8230;<\/p>","protected":false},"featured_media":10688,"template":"","meta":{"_acf_changed":false,"_kad_blocks_custom_css":"","_kad_blocks_head_custom_js":"","_kad_blocks_body_custom_js":"","_kad_blocks_footer_custom_js":"","_kad_post_transparent":"default","_kad_post_title":"","_kad_post_layout":"default","_kad_post_sidebar_id":"","_kad_post_content_style":"default","_kad_post_vertical_padding":"default","_kad_post_feature":"","_kad_post_feature_position":"","_kad_post_header":false,"_kad_post_footer":false,"_kad_post_classname":""},"product_brand":[],"product_cat":[205,187],"product_tag":[],"class_list":{"0":"post-10686","1":"product","2":"type-product","3":"status-publish","4":"has-post-thumbnail","6":"product_cat-glosniki-wysokotonowe","7":"product_cat-sredniotonowe","9":"first","10":"onbackorder","11":"taxable","12":"shipping-taxable","13":"product-type-simple","14":"entry","15":"content-bg","16":"loop-entry"},"acf":[],"taxonomy_info":{"product_cat":[{"value":205,"label":"G\u0142o\u015bniki wysokotonowe"},{"value":187,"label":"\u015aredniotonowe"}]},"featured_image_src_large":["https:\/\/www.creativ.net.pl\/wp-content\/uploads\/2025\/04\/AMPIRE-Premium-Aufbaulautsprecher-7cm-schwarz-QX75-BLK_b_1.jpeg",554,554,false],"author_info":[],"comment_info":"","_links":{"self":[{"href":"https:\/\/www.creativ.net.pl\/en\/wp-json\/wp\/v2\/product\/10686","targetHints":{"allow":["GET"]}}],"collection":[{"href":"https:\/\/www.creativ.net.pl\/en\/wp-json\/wp\/v2\/product"}],"about":[{"href":"https:\/\/www.creativ.net.pl\/en\/wp-json\/wp\/v2\/types\/product"}],"wp:featuredmedia":[{"embeddable":true,"href":"https:\/\/www.creativ.net.pl\/en\/wp-json\/wp\/v2\/media\/10688"}],"wp:attachment":[{"href":"https:\/\/www.creativ.net.pl\/en\/wp-json\/wp\/v2\/media?parent=10686"}],"wp:term":[{"taxonomy":"product_brand","embeddable":true,"href":"https:\/\/www.creativ.net.pl\/en\/wp-json\/wp\/v2\/product_brand?post=10686"},{"taxonomy":"product_cat","embeddable":true,"href":"https:\/\/www.creativ.net.pl\/en\/wp-json\/wp\/v2\/product_cat?post=10686"},{"taxonomy":"product_tag","embeddable":true,"href":"https:\/\/www.creativ.net.pl\/en\/wp-json\/wp\/v2\/product_tag?post=10686"}],"curies":[{"name":"wp","href":"https:\/\/api.w.org\/{rel}","templated":true}]}}