{"id":10644,"date":"2025-04-10T14:06:24","date_gmt":"2025-04-10T12:06:24","guid":{"rendered":"https:\/\/www.creativ.net.pl\/?post_type=product&#038;p=10644"},"modified":"2026-04-08T13:43:15","modified_gmt":"2026-04-08T11:43:15","slug":"maskownica-ampire-gcp165-neutral","status":"publish","type":"product","link":"https:\/\/www.creativ.net.pl\/en\/product\/maskownica-ampire-gcp165-neutral\/","title":{"rendered":"AMPIRE GCP165-neutral grille"},"content":{"rendered":"<p class=\"\" data-start=\"68\" data-end=\"294\"><strong data-start=\"68\" data-end=\"139\">Ampire speaker grilles with hexagonal honeycomb structure<\/strong> have over 50% less air resistance compared to traditional grilles with small, round holes, resulting in a noticeably better sound.<\/p>\n<h5 data-start=\"296\" data-end=\"319\"><strong data-start=\"300\" data-end=\"319\">TECHNICAL DATA:<\/strong><\/h5>\n<ul data-start=\"320\" data-end=\"622\">\n<li class=\"\" data-start=\"320\" data-end=\"357\">\n<p class=\"\" data-start=\"322\" data-end=\"357\">Nominal diameter: 16.5 cm \/ 6.5\"<\/p>\n<\/li>\n<li class=\"\" data-start=\"358\" data-end=\"389\">\n<p class=\"\" data-start=\"360\" data-end=\"389\">Outer diameter: 175 mm<\/p>\n<\/li>\n<li class=\"\" data-start=\"390\" data-end=\"418\">\n<p class=\"\" data-start=\"392\" data-end=\"418\">Installation height: 16 mm<\/p>\n<\/li>\n<li class=\"\" data-start=\"419\" data-end=\"467\">\n<p class=\"\" data-start=\"421\" data-end=\"467\">Black powder-coated steel mesh<\/p>\n<\/li>\n<li class=\"\" data-start=\"468\" data-end=\"540\">\n<p class=\"\" data-start=\"470\" data-end=\"540\">Honeycomb structure (hexagon) for maximum permeability<\/p>\n<\/li>\n<li class=\"\" data-start=\"541\" data-end=\"593\">\n<p class=\"\" data-start=\"543\" data-end=\"593\">Black plastic mounting ring<\/p>\n<\/li>\n<li class=\"\" data-start=\"594\" data-end=\"622\">\n<p class=\"\" data-start=\"596\" data-end=\"622\">Quantity included: 2 pieces<\/p>\n<\/li>\n<\/ul>","protected":false},"excerpt":{"rendered":"<p>Maskownice g\u0142o\u015bnikowe Ampire z heksagonaln\u0105 struktur\u0105 plastra miodu maj\u0105 ponad 50% mniejszy op\u00f3r powietrza w por\u00f3wnaniu do tradycyjnych maskownic z ma\u0142ymi, okr\u0105g\u0142ymi otworami, co przek\u0142ada si\u0119 na zauwa\u017calnie lepszy d\u017awi\u0119k. DANE TECHNICZNE: \u015arednica nominalna: 16,5 cm \/ 6,5&#8221; \u015arednica zewn\u0119trzna: 175 mm Wysoko\u015b\u0107 zabudowy: 16 mm Siatka stalowa, malowana proszkowo na czarno Struktura plastra miodu&#8230;<\/p>","protected":false},"featured_media":10645,"template":"","meta":{"_acf_changed":false,"_kad_blocks_custom_css":"","_kad_blocks_head_custom_js":"","_kad_blocks_body_custom_js":"","_kad_blocks_footer_custom_js":"","_kad_post_transparent":"default","_kad_post_title":"","_kad_post_layout":"default","_kad_post_sidebar_id":"","_kad_post_content_style":"default","_kad_post_vertical_padding":"default","_kad_post_feature":"","_kad_post_feature_position":"","_kad_post_header":false,"_kad_post_footer":false,"_kad_post_classname":""},"product_brand":[],"product_cat":[357],"product_tag":[],"class_list":{"0":"post-10644","1":"product","2":"type-product","3":"status-publish","4":"has-post-thumbnail","6":"product_cat-akcesoria-glosnikowe","8":"first","9":"instock","10":"taxable","11":"shipping-taxable","12":"product-type-simple","13":"entry","14":"content-bg","15":"loop-entry"},"acf":[],"taxonomy_info":{"product_cat":[{"value":357,"label":"Akcesoria g\u0142o\u015bnikowe"}]},"featured_image_src_large":["https:\/\/www.creativ.net.pl\/wp-content\/uploads\/2025\/04\/AMPIRE-Lautsprechergitter-16-5cm-mit-Hexagon-Wabenstruktur-GCP165-NEUTRAL_b_0.jpeg",800,800,false],"author_info":[],"comment_info":"","_links":{"self":[{"href":"https:\/\/www.creativ.net.pl\/en\/wp-json\/wp\/v2\/product\/10644","targetHints":{"allow":["GET"]}}],"collection":[{"href":"https:\/\/www.creativ.net.pl\/en\/wp-json\/wp\/v2\/product"}],"about":[{"href":"https:\/\/www.creativ.net.pl\/en\/wp-json\/wp\/v2\/types\/product"}],"wp:featuredmedia":[{"embeddable":true,"href":"https:\/\/www.creativ.net.pl\/en\/wp-json\/wp\/v2\/media\/10645"}],"wp:attachment":[{"href":"https:\/\/www.creativ.net.pl\/en\/wp-json\/wp\/v2\/media?parent=10644"}],"wp:term":[{"taxonomy":"product_brand","embeddable":true,"href":"https:\/\/www.creativ.net.pl\/en\/wp-json\/wp\/v2\/product_brand?post=10644"},{"taxonomy":"product_cat","embeddable":true,"href":"https:\/\/www.creativ.net.pl\/en\/wp-json\/wp\/v2\/product_cat?post=10644"},{"taxonomy":"product_tag","embeddable":true,"href":"https:\/\/www.creativ.net.pl\/en\/wp-json\/wp\/v2\/product_tag?post=10644"}],"curies":[{"name":"wp","href":"https:\/\/api.w.org\/{rel}","templated":true}]}}