{"id":10625,"date":"2025-04-07T11:51:25","date_gmt":"2025-04-07T09:51:25","guid":{"rendered":"https:\/\/www.creativ.net.pl\/?post_type=product&#038;p=10625"},"modified":"2026-04-08T08:57:05","modified_gmt":"2026-04-08T06:57:05","slug":"sterownik-drc-steg-do-wzmacniaczy-ss-dsp12-i-ss-dsp16dsp6v5-dsp-8-1","status":"publish","type":"product","link":"https:\/\/www.creativ.net.pl\/en\/product\/sterownik-drc-steg-do-wzmacniaczy-ss-dsp12-i-ss-dsp16dsp6v5-dsp-8-1\/","title":{"rendered":"DRC STEG controller for SS-DSP12 and SS-DSP16 amplifiers,DSP6v5, DSP 8.1"},"content":{"rendered":"<p class=\"\" data-start=\"58\" data-end=\"239\"><strong data-start=\"58\" data-end=\"106\">STEG DRC (Digital Remote Control)<\/strong> for extending STEG DSP processors (or amplifiers with built-in DSP).<br data-start=\"181\" data-end=\"184\" \/>Allows full control of the sound from the listening position.<\/p>\n<p class=\"\" data-start=\"241\" data-end=\"253\"><strong data-start=\"241\" data-end=\"253\">Features:<\/strong><\/p>\n<ul data-start=\"255\" data-end=\"518\">\n<li class=\"\" data-start=\"255\" data-end=\"275\">\n<p class=\"\" data-start=\"257\" data-end=\"275\">Changing the volume<\/p>\n<\/li>\n<li class=\"\" data-start=\"276\" data-end=\"307\">\n<p class=\"\" data-start=\"278\" data-end=\"307\">Changing the subwoofer volume<\/p>\n<\/li>\n<li class=\"\" data-start=\"308\" data-end=\"379\">\n<p class=\"\" data-start=\"310\" data-end=\"379\">Changing the DSP settings (up to 8 different configurations can be saved)<\/p>\n<\/li>\n<li class=\"\" data-start=\"380\" data-end=\"467\">\n<p class=\"\" data-start=\"382\" data-end=\"467\">Changing input source (main, AUX, optical, coaxial, Bluetooth)<\/p>\n<\/li>\n<li class=\"\" data-start=\"468\" data-end=\"518\">\n<p class=\"\" data-start=\"470\" data-end=\"518\">Full mute when pressed (\"mute\" function)<\/p>\n<\/li>\n<\/ul>\n<p>Compatiblins with amplifiers:<\/p>\n<ul>\n<li>Steg SS-DSP12<\/li>\n<li>Steg SS-DSP16<\/li>\n<li>Awave DSP 6v5<\/li>\n<li>Awave DSP 8.1<\/li>\n<\/ul>","protected":false},"excerpt":{"rendered":"<p>STEG DRC (Cyfrowy Pilot Zdalnego Sterowania) do rozbudowy procesor\u00f3w DSP marki STEG (lub wzmacniaczy z wbudowanym DSP).Umo\u017cliwia pe\u0142n\u0105 kontrol\u0119 d\u017awi\u0119ku z pozycji ods\u0142uchowej. Funkcje: Zmiana g\u0142o\u015bno\u015bci Zmiana g\u0142o\u015bno\u015bci subwoofera Zmiana ustawie\u0144 DSP (mo\u017cliwo\u015b\u0107 zapisania do 8 r\u00f3\u017cnych konfiguracji) Zmiana \u017ar\u00f3d\u0142a sygna\u0142u wej\u015bciowego (g\u0142\u00f3wne, AUX, optyczne, koncentryczne, Bluetooth) Pe\u0142ne wyciszenie po naci\u015bni\u0119ciu (funkcja \u201emute\u201d) Kompatybliny ze&#8230;<\/p>","protected":false},"featured_media":10679,"template":"","meta":{"_acf_changed":false,"_kad_blocks_custom_css":"","_kad_blocks_head_custom_js":"","_kad_blocks_body_custom_js":"","_kad_blocks_footer_custom_js":"","_kad_post_transparent":"default","_kad_post_title":"","_kad_post_layout":"default","_kad_post_sidebar_id":"","_kad_post_content_style":"default","_kad_post_vertical_padding":"default","_kad_post_feature":"","_kad_post_feature_position":"","_kad_post_header":false,"_kad_post_footer":false,"_kad_post_classname":""},"product_brand":[],"product_cat":[90],"product_tag":[],"class_list":{"0":"post-10625","1":"product","2":"type-product","3":"status-publish","4":"has-post-thumbnail","6":"product_cat-akcesoria-do-wzmacniaczy-z-dsp","8":"first","9":"instock","10":"taxable","11":"shipping-taxable","12":"product-type-simple","13":"entry","14":"content-bg","15":"loop-entry"},"acf":[],"taxonomy_info":{"product_cat":[{"value":90,"label":"Akcesoria do wzmacniaczy z DSP"}]},"featured_image_src_large":["https:\/\/www.creativ.net.pl\/wp-content\/uploads\/2025\/04\/Zdjecie-WhatsApp-2025-04-14-o-12.20.08_be3e1220-1024x683.jpg",1024,683,true],"author_info":[],"comment_info":"","_links":{"self":[{"href":"https:\/\/www.creativ.net.pl\/en\/wp-json\/wp\/v2\/product\/10625","targetHints":{"allow":["GET"]}}],"collection":[{"href":"https:\/\/www.creativ.net.pl\/en\/wp-json\/wp\/v2\/product"}],"about":[{"href":"https:\/\/www.creativ.net.pl\/en\/wp-json\/wp\/v2\/types\/product"}],"wp:featuredmedia":[{"embeddable":true,"href":"https:\/\/www.creativ.net.pl\/en\/wp-json\/wp\/v2\/media\/10679"}],"wp:attachment":[{"href":"https:\/\/www.creativ.net.pl\/en\/wp-json\/wp\/v2\/media?parent=10625"}],"wp:term":[{"taxonomy":"product_brand","embeddable":true,"href":"https:\/\/www.creativ.net.pl\/en\/wp-json\/wp\/v2\/product_brand?post=10625"},{"taxonomy":"product_cat","embeddable":true,"href":"https:\/\/www.creativ.net.pl\/en\/wp-json\/wp\/v2\/product_cat?post=10625"},{"taxonomy":"product_tag","embeddable":true,"href":"https:\/\/www.creativ.net.pl\/en\/wp-json\/wp\/v2\/product_tag?post=10625"}],"curies":[{"name":"wp","href":"https:\/\/api.w.org\/{rel}","templated":true}]}}