{"id":10389,"date":"2025-03-18T10:14:51","date_gmt":"2025-03-18T09:14:51","guid":{"rendered":"https:\/\/www.creativ.net.pl\/?post_type=product&#038;p=10389"},"modified":"2026-03-18T11:56:03","modified_gmt":"2026-03-18T10:56:03","slug":"glosniki-audio-control-pnw-35","status":"publish","type":"product","link":"https:\/\/www.creativ.net.pl\/en\/product\/glosniki-audio-control-pnw-35\/","title":{"rendered":"Audio Control PNW-35 loudspeakers"},"content":{"rendered":"<p>High-performance 3.5\u2033 PNW-35 coaxial speakers.<\/p>\n<p>&nbsp;<\/p>\n<h5 data-start=\"0\" data-end=\"22\"><strong data-start=\"4\" data-end=\"20\">TECHNICAL DATA:<\/strong><\/h5>\n<ul data-start=\"24\" data-end=\"407\">\n<li data-start=\"24\" data-end=\"58\"><strong data-start=\"26\" data-end=\"43\">Crossover type<\/strong>: Butterworth<\/li>\n<li data-start=\"59\" data-end=\"94\"><strong data-start=\"61\" data-end=\"84\">DC resistance (Re)<\/strong>: 1,75 \u03a9<\/li>\n<li data-start=\"95\" data-end=\"136\"><strong data-start=\"97\" data-end=\"111\">Filter type<\/strong>: HP (high pass)<\/li>\n<li data-start=\"137\" data-end=\"190\"><strong data-start=\"139\" data-end=\"174\">System frequency response (Fs)<\/strong>: 90-20,000 Hz<\/li>\n<li data-start=\"191\" data-end=\"245\"><strong data-start=\"193\" data-end=\"234\">Split frequency (XO Frequency)<\/strong>: 5900 Hz<\/li>\n<li data-start=\"246\" data-end=\"293\"><strong data-start=\"248\" data-end=\"284\">Octave Slope<\/strong>: -6 dB<\/li>\n<li data-start=\"294\" data-end=\"342\"><strong data-start=\"296\" data-end=\"333\">Voice coil diameter of the tweeter<\/strong>: 13 mm<\/li>\n<li data-start=\"343\" data-end=\"407\"><strong data-start=\"345\" data-end=\"398\">Midrange voice coil diameter<\/strong>: 25 mm<\/li>\n<\/ul>\n<p>&nbsp;<\/p>\n<h5 data-start=\"506\" data-end=\"524\"><strong data-start=\"510\" data-end=\"522\">DIMENSIONS:<\/strong><\/h5>\n<ul data-start=\"525\" data-end=\"812\" data-is-only-node=\"\" data-is-last-node=\"\">\n<li data-start=\"525\" data-end=\"594\"><strong data-start=\"527\" data-end=\"572\">Overall diameter (with metal handle)<\/strong>: 4.44 inches \/ 113 mm<\/li>\n<li data-start=\"595\" data-end=\"650\"><strong data-start=\"597\" data-end=\"628\">Mounting hole diameter<\/strong>: 3.0 inches \/ 76.5 mm<\/li>\n<li data-start=\"651\" data-end=\"699\"><strong data-start=\"653\" data-end=\"676\">Installation depth<\/strong>: 1.55 inches \/ 39.5 mm<\/li>\n<li data-start=\"700\" data-end=\"756\"><strong data-start=\"702\" data-end=\"733\">Motor diameter (with cover)<\/strong>: 2.96 inches \/ 75.4 mm<\/li>\n<li data-start=\"757\" data-end=\"812\" data-is-last-node=\"\"><strong data-start=\"759\" data-end=\"812\" data-is-last-node=\"\">Loudspeaker cover not included for PNW-35 model<\/strong><\/li>\n<\/ul>\n<h5 data-start=\"0\" data-end=\"15\"><strong data-start=\"4\" data-end=\"13\">FEATURES:<\/strong><\/h5>\n<ul data-start=\"16\" data-end=\"775\" data-is-only-node=\"\" data-is-last-node=\"\">\n<li data-start=\"16\" data-end=\"105\">Edge-reinforced steel frame for additional structural strength<\/li>\n<li data-start=\"106\" data-end=\"183\">Black anodised voice coil carcass for improved heat dissipation<\/li>\n<li data-start=\"184\" data-end=\"259\">Linear, double-roll suspension for precise diaphragm movement<\/li>\n<li data-start=\"260\" data-end=\"324\">Advanced high-performance FEA designed motor<\/li>\n<li data-start=\"325\" data-end=\"403\">Mica-coated rigid diaphragm for optimised sound reproduction<\/li>\n<li data-start=\"404\" data-end=\"502\">Damped hybrid silk dome tweeter for extended frequency response<\/li>\n<li data-start=\"503\" data-end=\"622\">Concentric point source design for smooth transition between mid and high tones<\/li>\n<li data-start=\"623\" data-end=\"724\">Sound diffuser and radiating flange for improved off-axis frequency response<\/li>\n<li data-start=\"725\" data-end=\"775\" data-is-last-node=\"\">High-quality fittings included<\/li>\n<\/ul>","protected":false},"excerpt":{"rendered":"<p>Wysokiej klasy g\u0142o\u015bniki wsp\u00f3\u0142osiowe 3,5&#8243;\u00a0 PNW-35. &nbsp; DANE TECHNICZNE: Typ zwrotnicy: Butterworth Rezystancja DC (Re): 1,75 \u03a9 Typ filtra: HP (g\u00f3rnoprzepustowy) Pasmo przenoszenia systemu (Fs): 90\u201320 000 Hz Cz\u0119stotliwo\u015b\u0107 podzia\u0142u (XO Frequency): 5900 Hz Nachylenie zbocza (Octave Slope): -6 dB \u015arednica cewki drgaj\u0105cej tweetera: 13 mm \u015arednica cewki drgaj\u0105cej g\u0142o\u015bnika \u015bredniotonowego: 25 mm &nbsp; WYMIARY:&#8230;<\/p>","protected":false},"featured_media":10393,"template":"","meta":{"_acf_changed":false,"_kad_blocks_custom_css":"","_kad_blocks_head_custom_js":"","_kad_blocks_body_custom_js":"","_kad_blocks_footer_custom_js":"","_kad_post_transparent":"default","_kad_post_title":"","_kad_post_layout":"default","_kad_post_sidebar_id":"","_kad_post_content_style":"default","_kad_post_vertical_padding":"default","_kad_post_feature":"","_kad_post_feature_position":"","_kad_post_header":false,"_kad_post_footer":false,"_kad_post_classname":""},"product_brand":[],"product_cat":[122,187],"product_tag":[],"class_list":{"0":"post-10389","1":"product","2":"type-product","3":"status-publish","4":"has-post-thumbnail","6":"product_cat-glosniki-wspolosiowe-coax","7":"product_cat-sredniotonowe","9":"first","10":"instock","11":"taxable","12":"shipping-taxable","13":"product-type-simple","14":"entry","15":"content-bg","16":"loop-entry"},"acf":[],"taxonomy_info":{"product_cat":[{"value":122,"label":"G\u0142o\u015bniki wsp\u00f3\u0142osiowe \/ COAX"},{"value":187,"label":"\u015aredniotonowe"}]},"featured_image_src_large":["https:\/\/www.creativ.net.pl\/wp-content\/uploads\/2025\/03\/pnw-35-group-1024x448.jpg",1024,448,true],"author_info":[],"comment_info":"","_links":{"self":[{"href":"https:\/\/www.creativ.net.pl\/en\/wp-json\/wp\/v2\/product\/10389","targetHints":{"allow":["GET"]}}],"collection":[{"href":"https:\/\/www.creativ.net.pl\/en\/wp-json\/wp\/v2\/product"}],"about":[{"href":"https:\/\/www.creativ.net.pl\/en\/wp-json\/wp\/v2\/types\/product"}],"wp:featuredmedia":[{"embeddable":true,"href":"https:\/\/www.creativ.net.pl\/en\/wp-json\/wp\/v2\/media\/10393"}],"wp:attachment":[{"href":"https:\/\/www.creativ.net.pl\/en\/wp-json\/wp\/v2\/media?parent=10389"}],"wp:term":[{"taxonomy":"product_brand","embeddable":true,"href":"https:\/\/www.creativ.net.pl\/en\/wp-json\/wp\/v2\/product_brand?post=10389"},{"taxonomy":"product_cat","embeddable":true,"href":"https:\/\/www.creativ.net.pl\/en\/wp-json\/wp\/v2\/product_cat?post=10389"},{"taxonomy":"product_tag","embeddable":true,"href":"https:\/\/www.creativ.net.pl\/en\/wp-json\/wp\/v2\/product_tag?post=10389"}],"curies":[{"name":"wp","href":"https:\/\/api.w.org\/{rel}","templated":true}]}}