{"id":10345,"date":"2025-03-12T14:10:22","date_gmt":"2025-03-12T13:10:22","guid":{"rendered":"https:\/\/www.creativ.net.pl\/?post_type=product&#038;p=10345"},"modified":"2026-01-30T12:22:36","modified_gmt":"2026-01-30T11:22:36","slug":"glosniki-awave-bw9","status":"publish","type":"product","link":"https:\/\/www.creativ.net.pl\/en\/product\/glosniki-awave-bw9\/","title":{"rendered":"Awave BW9 loudspeakers"},"content":{"rendered":"<p>20\u2033 Steg BW9 woofers<\/p>\n<h6><strong>Technical data:<\/strong><\/h6>\n<ul>\n<li>Impedance: 2 Ohm<\/li>\n<li>Frequency response: 35-300 Hz<\/li>\n<li>RMS power: 100 W<\/li>\n<li>Maximum power: 200 W<\/li>\n<li>Re (DC resistance): 1.8 Ohm<\/li>\n<li>Sensitivity (SPL): 89 dB<\/li>\n<li>FS (Resonant Frequency): 55 Hz<\/li>\n<li>Qms: 4,437<\/li>\n<li>Qes: 0,941<\/li>\n<li>Qts: 0.776<\/li>\n<li>VAS (Volume Equivalent): 29,4L<\/li>\n<li>MMS (Mobile Mass): 28,66 g<\/li>\n<li>BL (Electromotive force): 4.357T<\/li>\n<li>CMS (Mechanical susceptibility): 286.569um\/N<\/li>\n<li>LE (coil inductance): 0.35 mH<\/li>\n<\/ul>","protected":false},"excerpt":{"rendered":"<p>Woofery 20&#8243; Steg BW9 Dane techniczne: Impedancja: 2 Ohm Pasmo przenoszenia: 35-300 Hz Moc RMS: 100 W Moc maksymalna: 200 W Re (Rezystancja DC): 1.8 Ohm Czu\u0142o\u015b\u0107 (SPL): 89 dB FS (Cz\u0119stotliwo\u015b\u0107 rezonansowa): 55 Hz Qms: 4,437 Qes: 0,941 Qts: 0,776 VAS (Obj\u0119to\u015b\u0107 ekwiwalentna): 29,4L MMS (Masa ruchoma): 28,66 g BL (Si\u0142a elektromotoryczna): 4.357T CMS&#8230;<\/p>","protected":false},"featured_media":10348,"template":"","meta":{"_acf_changed":false,"_kad_blocks_custom_css":"","_kad_blocks_head_custom_js":"","_kad_blocks_body_custom_js":"","_kad_blocks_footer_custom_js":"","_kad_post_transparent":"default","_kad_post_title":"","_kad_post_layout":"default","_kad_post_sidebar_id":"","_kad_post_content_style":"default","_kad_post_vertical_padding":"default","_kad_post_feature":"","_kad_post_feature_position":"","_kad_post_header":false,"_kad_post_footer":false,"_kad_post_classname":""},"product_brand":[],"product_cat":[210],"product_tag":[],"class_list":{"0":"post-10345","1":"product","2":"type-product","3":"status-publish","4":"has-post-thumbnail","6":"product_cat-woofery","8":"first","9":"instock","10":"taxable","11":"shipping-taxable","12":"product-type-simple","13":"entry","14":"content-bg","15":"loop-entry"},"acf":[],"taxonomy_info":{"product_cat":[{"value":210,"label":"Woofery"}]},"featured_image_src_large":["https:\/\/www.creativ.net.pl\/wp-content\/uploads\/2025\/03\/IMG-20250312-WA0001-1024x682.png",1024,682,true],"author_info":[],"comment_info":"","_links":{"self":[{"href":"https:\/\/www.creativ.net.pl\/en\/wp-json\/wp\/v2\/product\/10345","targetHints":{"allow":["GET"]}}],"collection":[{"href":"https:\/\/www.creativ.net.pl\/en\/wp-json\/wp\/v2\/product"}],"about":[{"href":"https:\/\/www.creativ.net.pl\/en\/wp-json\/wp\/v2\/types\/product"}],"wp:featuredmedia":[{"embeddable":true,"href":"https:\/\/www.creativ.net.pl\/en\/wp-json\/wp\/v2\/media\/10348"}],"wp:attachment":[{"href":"https:\/\/www.creativ.net.pl\/en\/wp-json\/wp\/v2\/media?parent=10345"}],"wp:term":[{"taxonomy":"product_brand","embeddable":true,"href":"https:\/\/www.creativ.net.pl\/en\/wp-json\/wp\/v2\/product_brand?post=10345"},{"taxonomy":"product_cat","embeddable":true,"href":"https:\/\/www.creativ.net.pl\/en\/wp-json\/wp\/v2\/product_cat?post=10345"},{"taxonomy":"product_tag","embeddable":true,"href":"https:\/\/www.creativ.net.pl\/en\/wp-json\/wp\/v2\/product_tag?post=10345"}],"curies":[{"name":"wp","href":"https:\/\/api.w.org\/{rel}","templated":true}]}}