{"id":10301,"date":"2025-03-11T13:30:38","date_gmt":"2025-03-11T12:30:38","guid":{"rendered":"https:\/\/www.creativ.net.pl\/?post_type=product&#038;p=10301"},"modified":"2026-04-13T13:29:33","modified_gmt":"2026-04-13T11:29:33","slug":"wzmacniacz-awave-dsp6v5","status":"publish","type":"product","link":"https:\/\/www.creativ.net.pl\/en\/product\/wzmacniacz-awave-dsp6v5\/","title":{"rendered":"AWAVE DSP6v5 amplifier"},"content":{"rendered":"<p>6-channel amplifier with integrated DSP processor.<\/p>\n<h3>Technical data:<\/h3>\n<h5 data-start=\"187\" data-end=\"220\">Output channel equalizer<\/h5>\n<ul data-start=\"221\" data-end=\"330\">\n<li data-start=\"221\" data-end=\"271\"><strong data-start=\"223\" data-end=\"258\">Centre frequency point:<\/strong> 20Hz~20KHz<\/li>\n<li data-start=\"272\" data-end=\"297\"><strong data-start=\"274\" data-end=\"288\">Q-value:<\/strong> 0,3~15<\/li>\n<li data-start=\"298\" data-end=\"330\"><strong data-start=\"300\" data-end=\"316\">Amplification:<\/strong> -15dB~+15dB<\/li>\n<\/ul>\n<h5 data-start=\"332\" data-end=\"358\">Electronic circuits<\/h5>\n<ul data-start=\"359\" data-end=\"1025\">\n<li data-start=\"359\" data-end=\"403\"><strong data-start=\"361\" data-end=\"401\">High-performance DSP from ADI<\/strong><\/li>\n<li data-start=\"404\" data-end=\"495\"><strong data-start=\"406\" data-end=\"446\">Analogue-to-Digital Converter (ADC):<\/strong> AKM5538 HI-End 768kHz\/32-bit digital signal<\/li>\n<li data-start=\"496\" data-end=\"527\"><strong data-start=\"498\" data-end=\"525\">HI-End components<\/strong><\/li>\n<li data-start=\"528\" data-end=\"1025\"><strong data-start=\"530\" data-end=\"549\">Input channel<\/strong>\n<ul data-start=\"554\" data-end=\"1025\">\n<li data-start=\"554\" data-end=\"611\">High-level input with combined frequency<\/li>\n<li data-start=\"614\" data-end=\"687\"><strong data-start=\"616\" data-end=\"656\">Digital-to-Analogue Converter (DAC):<\/strong> AKM4458 HI-End 768kHz\/32-bit<\/li>\n<li data-start=\"690\" data-end=\"735\">Professional audio operational amplifier<\/li>\n<li data-start=\"738\" data-end=\"786\">Hi-End professional audio capacitor<\/li>\n<li data-start=\"789\" data-end=\"818\">8 high-level inputs<\/li>\n<li data-start=\"821\" data-end=\"889\">2-channel RCA input and high-level 1.2 multiplexing<\/li>\n<li data-start=\"892\" data-end=\"959\">Optical input, coaxial input - 192kHz\/32-bit support<\/li>\n<li data-start=\"962\" data-end=\"1001\">OTG input - 192kHz\/24-bit support<\/li>\n<li data-start=\"1004\" data-end=\"1025\">Bluetooth input<\/li>\n<\/ul>\n<\/li>\n<\/ul>\n<h5 data-start=\"1027\" data-end=\"1050\">Bluetooth support<\/h5>\n<ul data-start=\"1051\" data-end=\"1171\">\n<li data-start=\"1051\" data-end=\"1072\"><strong data-start=\"1053\" data-end=\"1070\">Bluetooth 5.0<\/strong><\/li>\n<li data-start=\"1073\" data-end=\"1111\"><strong data-start=\"1075\" data-end=\"1098\">Bluetooth protocol:<\/strong> A2DP\/AVRCP<\/li>\n<li data-start=\"1112\" data-end=\"1171\"><strong data-start=\"1114\" data-end=\"1148\">Bluetooth formats supported:<\/strong> aptX\/aptX HD\/AAC\/SBC<\/li>\n<\/ul>\n<h5 data-start=\"1173\" data-end=\"1206\">Amplifier output channel<\/h5>\n<ul data-start=\"1207\" data-end=\"1383\">\n<li data-start=\"1207\" data-end=\"1240\"><strong data-start=\"1209\" data-end=\"1238\">6 high-level outputs<\/strong><\/li>\n<li data-start=\"1241\" data-end=\"1262\"><strong data-start=\"1243\" data-end=\"1260\">4 RCA outputs<\/strong><\/li>\n<li data-start=\"1263\" data-end=\"1383\"><strong data-start=\"1265\" data-end=\"1288\">Class D amplifier:<\/strong>\n<ul data-start=\"1293\" data-end=\"1383\">\n<li data-start=\"1293\" data-end=\"1336\"><strong data-start=\"1295\" data-end=\"1308\">6CH x 90W<\/strong> (4\u03a9, 14.4V, 1kHz, 1% THD)<\/li>\n<li data-start=\"1339\" data-end=\"1383\"><strong data-start=\"1341\" data-end=\"1355\">6CH x 135W<\/strong> (2\u03a9, 14.4V, 1kHz, 1% THD)<\/li>\n<\/ul>\n<\/li>\n<\/ul>\n<h5 data-start=\"1385\" data-end=\"1410\">Sound parameters<\/h5>\n<ul data-start=\"1411\" data-end=\"1639\">\n<li data-start=\"1411\" data-end=\"1452\"><strong data-start=\"1413\" data-end=\"1443\">Signal-to-noise ratio:<\/strong> \u2265100dB<\/li>\n<li data-start=\"1453\" data-end=\"1512\"><strong data-start=\"1455\" data-end=\"1503\">Total harmonic distortion (THD):<\/strong> \u22640.01%<\/li>\n<li data-start=\"1513\" data-end=\"1538\"><strong data-start=\"1515\" data-end=\"1536\">Input sensitivity<\/strong><\/li>\n<li data-start=\"1539\" data-end=\"1567\"><strong data-start=\"1541\" data-end=\"1565\">Input impedance<\/strong><\/li>\n<li data-start=\"1568\" data-end=\"1598\"><strong data-start=\"1570\" data-end=\"1596\">RCA output voltage<\/strong><\/li>\n<li data-start=\"1599\" data-end=\"1639\"><strong data-start=\"1601\" data-end=\"1631\">Operating voltage range:<\/strong> 9~18V<\/li>\n<\/ul>\n<h5 data-start=\"1641\" data-end=\"1674\">Input channel equalizer<\/h5>\n<ul data-start=\"1675\" data-end=\"1953\">\n<li data-start=\"1675\" data-end=\"1740\"><strong data-start=\"1677\" data-end=\"1738\">Each input channel has an independent 5-segment equalizer<\/strong><\/li>\n<li data-start=\"1741\" data-end=\"1843\"><strong data-start=\"1743\" data-end=\"1758\">Filter type:<\/strong> PE (top) \/ LS (low shelf) \/ HS (high shelf) \/ 1st row, 2nd row ALLPASS<\/li>\n<li data-start=\"1844\" data-end=\"1894\"><strong data-start=\"1846\" data-end=\"1881\">Centre frequency point:<\/strong> 20Hz~20KHz<\/li>\n<li data-start=\"1895\" data-end=\"1920\"><strong data-start=\"1897\" data-end=\"1911\">Q-value:<\/strong> 0,3~15<\/li>\n<li data-start=\"1921\" data-end=\"1953\"><strong data-start=\"1923\" data-end=\"1939\">Amplification:<\/strong> -15dB~+15dB<\/li>\n<\/ul>\n<h5 data-start=\"1955\" data-end=\"1977\">Input sources<\/h5>\n<ul data-start=\"1978\" data-end=\"2194\">\n<li data-start=\"1978\" data-end=\"2044\"><strong data-start=\"1980\" data-end=\"2042\">Analogue, optical, coaxial input, Bluetooth, OTG<\/strong><\/li>\n<li data-start=\"2045\" data-end=\"2068\"><strong data-start=\"2047\" data-end=\"2066\">Parameters (DLC)<\/strong><\/li>\n<li data-start=\"2069\" data-end=\"2167\"><strong data-start=\"2071\" data-end=\"2165\">Intelligent recognition and automatic switching of the recording mode for multiple audio sources<\/strong><\/li>\n<li data-start=\"2168\" data-end=\"2194\"><strong data-start=\"2170\" data-end=\"2192\">8-channel input<\/strong><\/li>\n<\/ul>\n<h5 data-start=\"2196\" data-end=\"2244\">Individual settings for each channel<\/h5>\n<ul data-start=\"2245\" data-end=\"2576\">\n<li data-start=\"2245\" data-end=\"2297\"><strong data-start=\"2247\" data-end=\"2285\">Output gain adjustment:<\/strong> -40dB~0dB<\/li>\n<li data-start=\"2298\" data-end=\"2344\"><strong data-start=\"2300\" data-end=\"2326\">Polarity adjustment:<\/strong> positive\/negative<\/li>\n<li data-start=\"2345\" data-end=\"2381\"><strong data-start=\"2347\" data-end=\"2372\">Delay adjustment:<\/strong> 0-20ms<\/li>\n<li data-start=\"2382\" data-end=\"2576\"><strong data-start=\"2384\" data-end=\"2418\">Surround sound channels:<\/strong>\n<ul data-start=\"2423\" data-end=\"2576\">\n<li data-start=\"2423\" data-end=\"2450\">Front sound field<\/li>\n<li data-start=\"2453\" data-end=\"2477\">Rear sound field<\/li>\n<li data-start=\"2480\" data-end=\"2508\">Central sound field<\/li>\n<li data-start=\"2511\" data-end=\"2560\">Sound field surrounding the \"starry sky\"<\/li>\n<li data-start=\"2563\" data-end=\"2576\">Subwoofer<\/li>\n<\/ul>\n<\/li>\n<\/ul>\n<h5 data-start=\"2578\" data-end=\"2620\">Filters and output signal splitting<\/h5>\n<ul data-start=\"2621\" data-end=\"2890\">\n<li data-start=\"2621\" data-end=\"2669\"><strong data-start=\"2623\" data-end=\"2638\">Filter type:<\/strong> Butterworth\/Nink-Rein\/Bessel<\/li>\n<li data-start=\"2670\" data-end=\"2702\"><strong data-start=\"2672\" data-end=\"2700\">Equalizer mode<\/strong><\/li>\n<li data-start=\"2703\" data-end=\"2725\"><strong data-start=\"2705\" data-end=\"2723\">Baseline phase<\/strong><\/li>\n<li data-start=\"2726\" data-end=\"2755\"><strong data-start=\"2728\" data-end=\"2753\">Output polarity<\/strong><\/li>\n<li data-start=\"2756\" data-end=\"2784\"><strong data-start=\"2758\" data-end=\"2782\">Output delay<\/strong><\/li>\n<li data-start=\"2785\" data-end=\"2890\"><strong data-start=\"2787\" data-end=\"2888\">Independent adjustment \/ absolute adjustment \/ relative adjustment \/ split point adjustment<\/strong><\/li>\n<\/ul>\n<h5 data-start=\"2892\" data-end=\"2915\">Output adjustments<\/h5>\n<ul data-start=\"2916\" data-end=\"3321\">\n<li data-start=\"2916\" data-end=\"2961\"><strong data-start=\"2918\" data-end=\"2951\">Adjustment for each channel:<\/strong> 0\u00b0~360\u00b0<\/li>\n<li data-start=\"2962\" data-end=\"3017\"><strong data-start=\"2964\" data-end=\"2999\">Polarisation for each channel:<\/strong> positive\/negative<\/li>\n<li data-start=\"3018\" data-end=\"3063\"><strong data-start=\"3020\" data-end=\"3054\">Delay for each channel:<\/strong> 0~20ms<\/li>\n<li data-start=\"3064\" data-end=\"3321\"><strong data-start=\"3066\" data-end=\"3090\">Volume control:<\/strong>\n<ul data-start=\"3095\" data-end=\"3321\">\n<li data-start=\"3095\" data-end=\"3150\">Single channel volume: mute, -40dB~0dB<\/li>\n<li data-start=\"3153\" data-end=\"3199\">Subwoofer volume: mute, -40dB~0dB<\/li>\n<li data-start=\"3202\" data-end=\"3260\">Total subwoofer volume: mute, -40dB~+12dB<\/li>\n<li data-start=\"3263\" data-end=\"3321\">Total volume control: mute, -40dB~+12dB<\/li>\n<\/ul>\n<\/li>\n<\/ul>\n<h5>Dimensions:<\/h5>\n<ul>\n<li>224mm x 156mm x 49mm<\/li>\n<\/ul>","protected":false},"excerpt":{"rendered":"<p>6-kana\u0142owy wzmacniacz z wbudowanym procesorem DSP. Dane techniczne: Korektor kana\u0142u wyj\u015bciowego Punkt cz\u0119stotliwo\u015bci \u015brodkowej: 20Hz~20KHz Warto\u015b\u0107 Q: 0,3~15 Wzmocnienie: -15dB~+15dB Uk\u0142ady elektroniczne Wysokowydajny procesor DSP firmy ADI Przetwornik Analogowo-Cyfrowy (ADC): AKM5538 HI-End 768kHz\/32-bitowy sygna\u0142 cyfrowy Komponenty klasy HI-End Kana\u0142 wej\u015bciowy Wej\u015bcie wysokopoziomowe z kombinowan\u0105 cz\u0119stotliwo\u015bci\u0105 Przetwornik Cyfrowo-Analogowy (DAC): AKM4458 HI-End 768kHz\/32-bit Profesjonalny wzmacniacz operacyjny audio&#8230;<\/p>","protected":false},"featured_media":10309,"template":"","meta":{"_acf_changed":false,"_kad_blocks_custom_css":"","_kad_blocks_head_custom_js":"","_kad_blocks_body_custom_js":"","_kad_blocks_footer_custom_js":"","_kad_post_transparent":"default","_kad_post_title":"","_kad_post_layout":"default","_kad_post_sidebar_id":"","_kad_post_content_style":"default","_kad_post_vertical_padding":"default","_kad_post_feature":"","_kad_post_feature_position":"","_kad_post_header":false,"_kad_post_footer":false,"_kad_post_classname":""},"product_brand":[],"product_cat":[94],"product_tag":[],"class_list":{"0":"post-10301","1":"product","2":"type-product","3":"status-publish","4":"has-post-thumbnail","6":"product_cat-6-kanalowe","8":"first","9":"instock","10":"taxable","11":"shipping-taxable","12":"product-type-simple","13":"entry","14":"content-bg","15":"loop-entry"},"acf":[],"taxonomy_info":{"product_cat":[{"value":94,"label":"6-kana\u0142owe"}]},"featured_image_src_large":["https:\/\/www.creativ.net.pl\/wp-content\/uploads\/2025\/03\/Zrzut-ekranu-2025-03-11-132728.png",920,597,false],"author_info":[],"comment_info":"","_links":{"self":[{"href":"https:\/\/www.creativ.net.pl\/en\/wp-json\/wp\/v2\/product\/10301","targetHints":{"allow":["GET"]}}],"collection":[{"href":"https:\/\/www.creativ.net.pl\/en\/wp-json\/wp\/v2\/product"}],"about":[{"href":"https:\/\/www.creativ.net.pl\/en\/wp-json\/wp\/v2\/types\/product"}],"wp:featuredmedia":[{"embeddable":true,"href":"https:\/\/www.creativ.net.pl\/en\/wp-json\/wp\/v2\/media\/10309"}],"wp:attachment":[{"href":"https:\/\/www.creativ.net.pl\/en\/wp-json\/wp\/v2\/media?parent=10301"}],"wp:term":[{"taxonomy":"product_brand","embeddable":true,"href":"https:\/\/www.creativ.net.pl\/en\/wp-json\/wp\/v2\/product_brand?post=10301"},{"taxonomy":"product_cat","embeddable":true,"href":"https:\/\/www.creativ.net.pl\/en\/wp-json\/wp\/v2\/product_cat?post=10301"},{"taxonomy":"product_tag","embeddable":true,"href":"https:\/\/www.creativ.net.pl\/en\/wp-json\/wp\/v2\/product_tag?post=10301"}],"curies":[{"name":"wp","href":"https:\/\/api.w.org\/{rel}","templated":true}]}}